{"id":2069,"date":"2026-02-03T15:26:12","date_gmt":"2026-02-03T12:26:12","guid":{"rendered":"https:\/\/pikoloakademi.com.tr\/en\/?page_id=2069"},"modified":"2026-02-03T15:35:24","modified_gmt":"2026-02-03T12:35:24","slug":"faqs","status":"publish","type":"page","link":"https:\/\/pikoloakademi.com.tr\/en\/faqs\/","title":{"rendered":"FAQs"},"content":{"rendered":"<div class=\"wpb-content-wrapper\">[vc_row][vc_column width=&#8221;3\/3&#8243;]<div  class=\"center\" ><div style=\"font-size:27px; color:#8374cf; font-weight:bold; line-height:40px;\">\n                    Frequently Asked Questions\n                    <\/div><\/div><div  class=\"swmsc_custom_dividers swmsc_dividers_double_line text_align_center\" style=\"margin-top:20px;margin-bottom:30px;\"><span style=\"max-width:50px;border-color:#fcb54d;\"><\/span><\/div><div  class=\"swmsc_toggle_accordion_container\"  data-id=\"open\">\n                        <div class=\"swmsc_toggle_box_accordion\">\n                        <span class=\"swmsc_toggle_box_title_accordion\" style=\"background:#adcb69;color:#ffffff;\"><span class=\"swmsc_toggle_box_title_text no_icon\">What is Pikolo Akademi?<i class=\"fa fa-plus-square-o openclose\" style=\"color:#ffffff;\"><\/i><i class=\"fa fa-minus-square-o openclose\" style=\"color:#ffffff;\"><\/i><\/span><\/span>\n                        <div class=\"swmsc_toggle_box_inner\">\n                            Pikolo Akademi is an educational institution dedicated to creating a safe, inspiring environment where young minds can grow, explore, and excel. We provide a multilingual, immersive curriculum with a focus on experiential learning, aiming to foster independence, confidence, and curiosity in every child.<\/p>\n<p style=\"text-align: left;\"><div  class=\"clear swmsc_gap\" style=\"margin:20px 0 0 0;\"><\/div>\n<p style=\"text-align: left;\"><div   >\n                    <div class=\"swmsc_row swmsc_universal_grid_sort isotope swmsc_portfolio swmsc_universal_filter_items_section\" id=\"swmsc-item-entries\" style=\"margin: 0 -8px;\"><article class=\"swmsc-infinite-item-selector swmsc_universal_grid swmsc_column4 swmsc_portfolio_box swmsc_portfolio_isotope  swmsc_pf_titles  \" style=\"margin-bottom:16px;\"><div class=\"swmsc_column_gap\" style=\"padding: 0 8px;\">\n                                        <div class=\"swmsc_portfolio_content\"><div class=\"swmsc_portfolio_thumb_img\" ><a href=\"https:\/\/pikoloakademi.com.tr\/en\/wp-content\/uploads\/2025\/11\/WhatsApp-Image-2026-01-08-at-11.43.37-8.jpeg\" target=\"_self\" title=\"\" class=\"swmsc_popup_gallery\"\" >\n                                                <div class=\"swmsc_portfolio_img_hovericon \" style=\"background:#d86ea2;color:#ffffff;\"><i class=\"fa fa-search\"><\/i><\/div>   <img loading=\"lazy\" decoding=\"async\" width=\"850\" height=\"850\" src=\"https:\/\/pikoloakademi.com.tr\/en\/wp-content\/uploads\/2025\/11\/WhatsApp-Image-2026-01-08-at-11.43.37-8-850x850.jpeg\" class=\"attachment-swmsc-square-image size-swmsc-square-image wp-post-image\" alt=\"\" srcset=\"https:\/\/pikoloakademi.com.tr\/en\/wp-content\/uploads\/2025\/11\/WhatsApp-Image-2026-01-08-at-11.43.37-8-850x850.jpeg 850w, https:\/\/pikoloakademi.com.tr\/en\/wp-content\/uploads\/2025\/11\/WhatsApp-Image-2026-01-08-at-11.43.37-8-150x150.jpeg 150w, https:\/\/pikoloakademi.com.tr\/en\/wp-content\/uploads\/2025\/11\/WhatsApp-Image-2026-01-08-at-11.43.37-8-75x75.jpeg 75w\" sizes=\"auto, (max-width: 850px) 100vw, 850px\" \/><\/a><\/div><div class=\"clear\"><\/div>\n                                        <\/div>\n                                    <\/div>\n                                <\/article><article class=\"swmsc-infinite-item-selector swmsc_universal_grid swmsc_column4 swmsc_portfolio_box swmsc_portfolio_isotope  swmsc_pf_titles  \" style=\"margin-bottom:16px;\"><div class=\"swmsc_column_gap\" style=\"padding: 0 8px;\">\n                                        <div class=\"swmsc_portfolio_content\"><div class=\"swmsc_portfolio_thumb_img\" ><a href=\"https:\/\/pikoloakademi.com.tr\/en\/wp-content\/uploads\/2025\/11\/WhatsApp-Image-2026-01-08-at-11.43.36-2.jpeg\" target=\"_self\" title=\"\" class=\"swmsc_popup_gallery\"\" >\n                                                <div class=\"swmsc_portfolio_img_hovericon \" style=\"background:#d86ea2;color:#ffffff;\"><i class=\"fa fa-search\"><\/i><\/div>   <img loading=\"lazy\" decoding=\"async\" width=\"850\" height=\"850\" src=\"https:\/\/pikoloakademi.com.tr\/en\/wp-content\/uploads\/2025\/11\/WhatsApp-Image-2026-01-08-at-11.43.36-2-850x850.jpeg\" class=\"attachment-swmsc-square-image size-swmsc-square-image wp-post-image\" alt=\"\" srcset=\"https:\/\/pikoloakademi.com.tr\/en\/wp-content\/uploads\/2025\/11\/WhatsApp-Image-2026-01-08-at-11.43.36-2-850x850.jpeg 850w, https:\/\/pikoloakademi.com.tr\/en\/wp-content\/uploads\/2025\/11\/WhatsApp-Image-2026-01-08-at-11.43.36-2-150x150.jpeg 150w, https:\/\/pikoloakademi.com.tr\/en\/wp-content\/uploads\/2025\/11\/WhatsApp-Image-2026-01-08-at-11.43.36-2-75x75.jpeg 75w\" sizes=\"auto, (max-width: 850px) 100vw, 850px\" \/><\/a><\/div><div class=\"clear\"><\/div>\n                                        <\/div>\n                                    <\/div>\n                                <\/article><article class=\"swmsc-infinite-item-selector swmsc_universal_grid swmsc_column4 swmsc_portfolio_box swmsc_portfolio_isotope  swmsc_pf_titles  \" style=\"margin-bottom:16px;\"><div class=\"swmsc_column_gap\" style=\"padding: 0 8px;\">\n                                        <div class=\"swmsc_portfolio_content\"><div class=\"swmsc_portfolio_thumb_img\" ><a href=\"https:\/\/pikoloakademi.com.tr\/en\/wp-content\/uploads\/2025\/11\/WhatsApp-Image-2026-01-08-at-11.43.34-2.jpeg\" target=\"_self\" title=\"\" class=\"swmsc_popup_gallery\"\" >\n                                                <div class=\"swmsc_portfolio_img_hovericon \" style=\"background:#d86ea2;color:#ffffff;\"><i class=\"fa fa-search\"><\/i><\/div>   <img loading=\"lazy\" decoding=\"async\" width=\"850\" height=\"850\" src=\"https:\/\/pikoloakademi.com.tr\/en\/wp-content\/uploads\/2025\/11\/WhatsApp-Image-2026-01-08-at-11.43.34-2-850x850.jpeg\" class=\"attachment-swmsc-square-image size-swmsc-square-image wp-post-image\" alt=\"\" srcset=\"https:\/\/pikoloakademi.com.tr\/en\/wp-content\/uploads\/2025\/11\/WhatsApp-Image-2026-01-08-at-11.43.34-2-850x850.jpeg 850w, https:\/\/pikoloakademi.com.tr\/en\/wp-content\/uploads\/2025\/11\/WhatsApp-Image-2026-01-08-at-11.43.34-2-150x150.jpeg 150w, https:\/\/pikoloakademi.com.tr\/en\/wp-content\/uploads\/2025\/11\/WhatsApp-Image-2026-01-08-at-11.43.34-2-75x75.jpeg 75w\" sizes=\"auto, (max-width: 850px) 100vw, 850px\" \/><\/a><\/div><div class=\"clear\"><\/div>\n                                        <\/div>\n                                    <\/div>\n                                <\/article><article class=\"swmsc-infinite-item-selector swmsc_universal_grid swmsc_column4 swmsc_portfolio_box swmsc_portfolio_isotope  swmsc_pf_titles  \" style=\"margin-bottom:16px;\"><div class=\"swmsc_column_gap\" style=\"padding: 0 8px;\">\n                                        <div class=\"swmsc_portfolio_content\"><div class=\"swmsc_portfolio_thumb_img\" ><a href=\"https:\/\/pikoloakademi.com.tr\/en\/wp-content\/uploads\/2016\/02\/5NAI2730-1.jpg\" target=\"_self\" title=\"\" class=\"swmsc_popup_gallery\"\" >\n                                                <div class=\"swmsc_portfolio_img_hovericon \" style=\"background:#d86ea2;color:#ffffff;\"><i class=\"fa fa-search\"><\/i><\/div>   <img loading=\"lazy\" decoding=\"async\" width=\"850\" height=\"567\" src=\"https:\/\/pikoloakademi.com.tr\/en\/wp-content\/uploads\/2016\/02\/5NAI2730-1.jpg\" class=\"attachment-swmsc-square-image size-swmsc-square-image wp-post-image\" alt=\"\" srcset=\"https:\/\/pikoloakademi.com.tr\/en\/wp-content\/uploads\/2016\/02\/5NAI2730-1.jpg 850w, https:\/\/pikoloakademi.com.tr\/en\/wp-content\/uploads\/2016\/02\/5NAI2730-1-300x200.jpg 300w, https:\/\/pikoloakademi.com.tr\/en\/wp-content\/uploads\/2016\/02\/5NAI2730-1-768x512.jpg 768w\" sizes=\"auto, (max-width: 850px) 100vw, 850px\" \/><\/a><\/div><div class=\"clear\"><\/div>\n                                        <\/div>\n                                    <\/div>\n                                <\/article><div class=\"clear\"><\/div>\n                    <\/div>\n                <\/div>\n                <div class=\"clear\"><\/div>\n\n                        <\/div>\n                    <\/div><div class=\"swmsc_toggle_box_accordion\">\n                        <span class=\"swmsc_toggle_box_title_accordion\" style=\"background:#D7D7D7;color:#000000;\"><span class=\"swmsc_toggle_box_title_text no_icon\">What programs do you offer?<i class=\"fa fa-plus-square-o openclose\" style=\"color:#000000;\"><\/i><i class=\"fa fa-minus-square-o openclose\" style=\"color:#000000;\"><\/i><\/span><\/span>\n                        <div class=\"swmsc_toggle_box_inner\">\n                            We offer a variety of age-specific programs that cater to each stage of childhood development, including early childhood education and kindergarten programs. Each program is designed to nurture academic skills, creativity, and social development through engaging, hands-on activities.\n                        <\/div>\n                    <\/div><div class=\"swmsc_toggle_box_accordion\">\n                        <span class=\"swmsc_toggle_box_title_accordion\" style=\"background:#ADCB69;color:#ffffff;\"><span class=\"swmsc_toggle_box_title_text no_icon\">How do I apply for admission?<i class=\"fa fa-plus-square-o openclose\" style=\"color:#ffffff;\"><\/i><i class=\"fa fa-minus-square-o openclose\" style=\"color:#ffffff;\"><\/i><\/span><\/span>\n                        <div class=\"swmsc_toggle_box_inner\">\n                            You can begin the application process by visiting our Admissions page on the website. There, you\u2019ll find information on how to submit an application form, necessary documents, and additional details on the enrollment process. Our admissions team is also available to answer any questions you may have.\n                        <\/div>\n                    <\/div><div class=\"swmsc_toggle_box_accordion\">\n                        <span class=\"swmsc_toggle_box_title_accordion\" style=\"background:#D7D7D7;color:#000000;\"><span class=\"swmsc_toggle_box_title_text no_icon\">Do you offer bilingual  education?<i class=\"fa fa-plus-square-o openclose\" style=\"color:#000000;\"><\/i><i class=\"fa fa-minus-square-o openclose\" style=\"color:#000000;\"><\/i><\/span><\/span>\n                        <div class=\"swmsc_toggle_box_inner\">\n                            Yes, our curriculum is designed to include bilingual languages to provide students with a multicultural foundation. We integrate language learning naturally into daily activities to help children learn and appreciate new languages.\n                        <\/div>\n                    <\/div><div class=\"swmsc_toggle_box_accordion\">\n                        <span class=\"swmsc_toggle_box_title_accordion\" style=\"background:#ADCB69;color:#ffffff;\"><span class=\"swmsc_toggle_box_title_text no_icon\">What is the student-to-teacher ratio?<i class=\"fa fa-plus-square-o openclose\" style=\"color:#ffffff;\"><\/i><i class=\"fa fa-minus-square-o openclose\" style=\"color:#ffffff;\"><\/i><\/span><\/span>\n                        <div class=\"swmsc_toggle_box_inner\">\n                            We maintain a low student-to-teacher ratio to ensure each child receives personalized attention. This ratio may vary slightly by program, but our goal is always to provide a supportive, focused learning environment.\n                        <\/div>\n                    <\/div><div class=\"swmsc_toggle_box_accordion\">\n                        <span class=\"swmsc_toggle_box_title_accordion\" style=\"background:#D7D7D7;color:#000000;\"><span class=\"swmsc_toggle_box_title_text no_icon\">Is there a specific dress code or uniform?<i class=\"fa fa-plus-square-o openclose\" style=\"color:#000000;\"><\/i><i class=\"fa fa-minus-square-o openclose\" style=\"color:#000000;\"><\/i><\/span><\/span>\n                        <div class=\"swmsc_toggle_box_inner\">\n                            Yes, we do have a dress code designed to promote a sense of community and equality among students. Specific uniform guidelines are provided upon enrollment.\n                        <\/div>\n                    <\/div><div class=\"swmsc_toggle_box_accordion\">\n                        <span class=\"swmsc_toggle_box_title_accordion\" style=\"background:#ADCB69;color:#ffffff;\"><span class=\"swmsc_toggle_box_title_text no_icon\">What safety measures are in place?<i class=\"fa fa-plus-square-o openclose\" style=\"color:#ffffff;\"><\/i><i class=\"fa fa-minus-square-o openclose\" style=\"color:#ffffff;\"><\/i><\/span><\/span>\n                        <div class=\"swmsc_toggle_box_inner\">\n                            Safety is a top priority. Our campus is equipped with secure entry points, surveillance systems, and regular safety drills. Staff members are trained in emergency procedures, and we follow all recommended health and safety protocols to ensure a safe environment for students.\n                        <\/div>\n                    <\/div><div class=\"swmsc_toggle_box_accordion\">\n                        <span class=\"swmsc_toggle_box_title_accordion\" style=\"background:#D7D7D7;color:#000000;\"><span class=\"swmsc_toggle_box_title_text no_icon\">Do you offer after-school activities or programs?<i class=\"fa fa-plus-square-o openclose\" style=\"color:#000000;\"><\/i><i class=\"fa fa-minus-square-o openclose\" style=\"color:#000000;\"><\/i><\/span><\/span>\n                        <div class=\"swmsc_toggle_box_inner\">\n                            Yes, we offer a range of after-school activities that allow students to explore additional interests such as arts, sports, and science clubs. Information on specific programs can be found in the Programs section, and you\u2019re welcome to contact us for details on seasonal activities.\n                        <\/div>\n                    <\/div><div class=\"swmsc_toggle_box_accordion\">\n                        <span class=\"swmsc_toggle_box_title_accordion\" style=\"background:#ADCB69;color:#ffffff;\"><span class=\"swmsc_toggle_box_title_text no_icon\">How can parents stay involved in their child\u2019s education?<i class=\"fa fa-plus-square-o openclose\" style=\"color:#ffffff;\"><\/i><i class=\"fa fa-minus-square-o openclose\" style=\"color:#ffffff;\"><\/i><\/span><\/span>\n                        <div class=\"swmsc_toggle_box_inner\">\n                            We believe in building a strong parent-school partnership. Parents are encouraged to participate in events, volunteer opportunities, and regular meetings with teachers. We also provide an online portal for parents to monitor their child\u2019s progress and stay informed about school updates.\n                        <\/div>\n                    <\/div><div class=\"swmsc_toggle_box_accordion\">\n                        <span class=\"swmsc_toggle_box_title_accordion\" style=\"background:#D7D7D7;color:#000000;\"><span class=\"swmsc_toggle_box_title_text no_icon\">How can I contact the school for more information?<i class=\"fa fa-plus-square-o openclose\" style=\"color:#000000;\"><\/i><i class=\"fa fa-minus-square-o openclose\" style=\"color:#000000;\"><\/i><\/span><\/span>\n                        <div class=\"swmsc_toggle_box_inner\">\n                            For any additional questions, feel free to reach out to us via the Contact Us page, where you\u2019ll find our phone number, email address, and location details. Our team is always ready to assist with any inquiries.\n                        <\/div>\n                    <\/div>\n                    <\/div><div  class=\"clear swmsc_gap\" style=\"margin:50px 0 0 0;\"><\/div><div  class=\"center\" ><div style=\"font-size:27px; color:#8374cf; font-weight:bold; line-height:40px;\">\n                    Enrollment and Fees\n                    <\/div><\/div><div  class=\"swmsc_custom_dividers swmsc_dividers_double_line text_align_center\" style=\"margin-top:20px;margin-bottom:30px;\"><span style=\"max-width:50px;border-color:#fcb54d;\"><\/span><\/div><div  class=\"swmsc_toggle_accordion_container\"  data-id=\"closed\">\n                        <div class=\"swmsc_toggle_box_accordion\">\n                        <span class=\"swmsc_toggle_box_title_accordion\" style=\"background:#f2f2f2;color:#555555;\"><span class=\"swmsc_toggle_box_title_text no_icon\">Admissions<i class=\"fa fa-plus-square-o openclose\" style=\"color:#555555;\"><\/i><i class=\"fa fa-minus-square-o openclose\" style=\"color:#555555;\"><\/i><\/span><\/span>\n                        <div class=\"swmsc_toggle_box_inner\">\n                            \n<p style=\"text-align: left;\">At Pikolo Akademy, we are excited to welcome new families to join our vibrant learning community. Our admissions process is designed to ensure that we meet the needs of each child and family, creating a supportive and enriching environment where children can thrive. Whether you&#8217;re exploring early years education or looking for an immersive, multilingual experience, we\u2019re here to guide you through every step of the way.<\/p>\n\n                        <\/div>\n                    <\/div><div class=\"swmsc_toggle_box_accordion\">\n                        <span class=\"swmsc_toggle_box_title_accordion\" style=\"background:#f2f2f2;color:#555555;\"><span class=\"swmsc_toggle_box_title_text no_icon\">Contact Our Admissions Team<i class=\"fa fa-plus-square-o openclose\" style=\"color:#555555;\"><\/i><i class=\"fa fa-minus-square-o openclose\" style=\"color:#555555;\"><\/i><\/span><\/span>\n                        <div class=\"swmsc_toggle_box_inner\">\n                            Our admissions team is here to assist you throughout the entire process. If you have any questions or need assistance at any stage, don\u2019t hesitate to reach out.<\/p>\n<p>Phone: +90 532-486-3939<\/p>\n<p>Email: info@pikoloakademi.com<\/p>\n<p>Office Hours: 8am &#8211; 18pm<\/p>\n<p>We look forward to welcoming your family to Pikolo Akademy, where every child\u2019s learning journey begins with imagination, creativity, and exploration.<\/p>\n<p>Ofis Saatleri: Sabah 8.00 &#8211; Ak\u015fam 17.30<\/p>\n<p>Her \u00e7ocu\u011fun \u00f6\u011frenme yolculu\u011funun hayal g\u00fcc\u00fc, yarat\u0131c\u0131l\u0131k ve ke\u015fifle ba\u015flad\u0131\u011f\u0131 Pikolo Akademi&#8217;de ailenizi a\u011f\u0131rlamak i\u00e7in sab\u0131rs\u0131zlan\u0131yoruz.\n                        <\/div>\n                    <\/div>\n                    <\/div>[\/vc_column][\/vc_row]\n<\/div>","protected":false},"excerpt":{"rendered":"<p>[vc_row][vc_column width=&#8221;3\/3&#8243;][\/vc_column][\/vc_row]<\/p>\n","protected":false},"author":1,"featured_media":0,"parent":0,"menu_order":0,"comment_status":"closed","ping_status":"closed","template":"","meta":{"footnotes":""},"class_list":["post-2069","page","type-page","status-publish","hentry"],"_links":{"self":[{"href":"https:\/\/pikoloakademi.com.tr\/en\/wp-json\/wp\/v2\/pages\/2069","targetHints":{"allow":["GET"]}}],"collection":[{"href":"https:\/\/pikoloakademi.com.tr\/en\/wp-json\/wp\/v2\/pages"}],"about":[{"href":"https:\/\/pikoloakademi.com.tr\/en\/wp-json\/wp\/v2\/types\/page"}],"author":[{"embeddable":true,"href":"https:\/\/pikoloakademi.com.tr\/en\/wp-json\/wp\/v2\/users\/1"}],"replies":[{"embeddable":true,"href":"https:\/\/pikoloakademi.com.tr\/en\/wp-json\/wp\/v2\/comments?post=2069"}],"version-history":[{"count":2,"href":"https:\/\/pikoloakademi.com.tr\/en\/wp-json\/wp\/v2\/pages\/2069\/revisions"}],"predecessor-version":[{"id":2071,"href":"https:\/\/pikoloakademi.com.tr\/en\/wp-json\/wp\/v2\/pages\/2069\/revisions\/2071"}],"wp:attachment":[{"href":"https:\/\/pikoloakademi.com.tr\/en\/wp-json\/wp\/v2\/media?parent=2069"}],"curies":[{"name":"wp","href":"https:\/\/api.w.org\/{rel}","templated":true}]}}